{"id":472,"date":"2018-03-28T09:05:16","date_gmt":"2018-03-28T09:05:16","guid":{"rendered":"http:\/\/intowork.cardiffcouncilwebteam.co.uk\/?page_id=472"},"modified":"2024-10-03T09:30:53","modified_gmt":"2024-10-03T09:30:53","slug":"cysylltwch-a-ni","status":"publish","type":"page","link":"https:\/\/www.intoworkcardiff.co.uk\/cy\/cysylltwch-a-ni\/","title":{"rendered":"Cysylltwch \u00e2 ni"},"content":{"rendered":"<div class=\"wpb-content-wrapper\"><p>[vc_row][vc_column width=&#8221;2\/3&#8243;][vc_column_text]<\/p>\n<h2>Cysylltwch \u00e2 ni ar-lein<\/h2>\n<p>Mae\u2019r Gwasanaeth i Mewn i Waith yn rhoi cymorth am ddim i unrhyw breswylydd yng Nghaerdydd sy\u2019n chwilio am waith neu sy\u2019n ceisio dysgu sgiliau ychwanegol i\u2019w swydd bresennol. Cysylltwch \u00e2 ni os hoffech wneud ymholiad cyffredinol am ein gwasanaethau neu waith arall.<\/p>\n<p><a title=\"Call us by phone\" href=\"tel:02920 871 071\">029 2087 1071<\/a><\/p>\n<p>Drwy roi eich manylion cyswllt i ni, cofiwch y bydd aelod o staff y Gwasanaeth i Mewn i Waith yn cysylltu \u00e2 chi. Os byddwch yn newid eich meddwl neu&#8217;n dymuno tynnu\u2019n \u00f4l eich caniat\u00e2d i ni gysylltu \u00e2 chi, anfonwch e-bost atom yn <a href=\"mailto:intoworkadviceservice@cardiff.gov.uk\">cyngorimewniwaith@caerdydd.gov.uk.<\/a>[\/vc_column_text][\/vc_column][vc_column animation=&#8221;fade-in&#8221; column_padding=&#8221;custom-padding&#8221; column_custompadding=&#8221;15px 15px 15px 15px&#8221; text_align=&#8221;center&#8221; width=&#8221;1\/3&#8243; delay=&#8221;500&#8243;]<div class=\"single_image wpb_content_element align-center  animate   imgshadow\" data-animation=\"fade-in\" data-delay=\"0\"><img decoding=\"async\" width=\"950\" height=\"680\" data-src=\"https:\/\/www.intoworkcardiff.co.uk\/wp-content\/uploads\/Cardiff-into-work-service.jpg\" class=\"attachment-full lazyload\" alt=\"Member of staff helping a resident on a computer\" title=\"\" data-srcset=\"https:\/\/www.intoworkcardiff.co.uk\/wp-content\/uploads\/\/Cardiff-into-work-service.jpg 950w, https:\/\/www.intoworkcardiff.co.uk\/wp-content\/uploads\/\/Cardiff-into-work-service-300x215.jpg 300w, https:\/\/www.intoworkcardiff.co.uk\/wp-content\/uploads\/\/Cardiff-into-work-service-768x550.jpg 768w\" data-sizes=\"(max-width: 950px) 100vw, 950px\" src=\"data:image\/svg+xml;base64,PHN2ZyB3aWR0aD0iMSIgaGVpZ2h0PSIxIiB4bWxucz0iaHR0cDovL3d3dy53My5vcmcvMjAwMC9zdmciPjwvc3ZnPg==\" style=\"--smush-placeholder-width: 950px; --smush-placeholder-aspect-ratio: 950\/680;\" \/><\/div>[\/vc_column][\/vc_row][vc_row][vc_column width=&#8221;1\/2&#8243;][vc_column_text]<\/p>\n<h2>Anfonwch neges atom<\/h2>\n<p>[\/vc_column_text]\n<div class=\"wpcf7 no-js\" id=\"wpcf7-f614-o1\" lang=\"en-US\" dir=\"ltr\" data-wpcf7-id=\"614\">\n<div class=\"screen-reader-response\"><p role=\"status\" aria-live=\"polite\" aria-atomic=\"true\"><\/p> <ul><\/ul><\/div>\n<form action=\"\/cy\/wp-json\/wp\/v2\/pages\/472#wpcf7-f614-o1\" method=\"post\" class=\"wpcf7-form init\" aria-label=\"Contact form\" novalidate=\"novalidate\" data-status=\"init\">\n<fieldset class=\"hidden-fields-container\"><input type=\"hidden\" name=\"_wpcf7\" value=\"614\" \/><input type=\"hidden\" name=\"_wpcf7_version\" value=\"6.1.5\" \/><input type=\"hidden\" name=\"_wpcf7_locale\" value=\"en_US\" \/><input type=\"hidden\" name=\"_wpcf7_unit_tag\" value=\"wpcf7-f614-o1\" \/><input type=\"hidden\" name=\"_wpcf7_container_post\" value=\"0\" \/><input type=\"hidden\" name=\"_wpcf7_posted_data_hash\" value=\"\" \/><input type=\"hidden\" name=\"_wpcf7_recaptcha_response\" value=\"\" \/>\n<\/fieldset>\n<p><label for=\"name\">Enw (gofynnol)<\/label><span class=\"wpcf7-form-control-wrap\" data-name=\"your-name\"><input size=\"40\" maxlength=\"400\" class=\"wpcf7-form-control wpcf7-text wpcf7-validates-as-required\" id=\"name\" autocomplete=\"given-name\" aria-required=\"true\" aria-invalid=\"false\" value=\"\" type=\"text\" name=\"your-name\" \/><\/span><br \/>\n<label for=\"e-mail\">Cyfeiriad e-bost (gofynnol)<\/label><span class=\"wpcf7-form-control-wrap\" data-name=\"your-email\"><input size=\"40\" maxlength=\"400\" class=\"wpcf7-form-control wpcf7-email wpcf7-validates-as-required wpcf7-text wpcf7-validates-as-email\" id=\"e-mail\" autocomplete=\"email\" aria-required=\"true\" aria-invalid=\"false\" value=\"\" type=\"email\" name=\"your-email\" \/><\/span><br \/>\n<label for=\"tel\">Ff\u00f4n (gofynnol)<\/label><span class=\"wpcf7-form-control-wrap\" data-name=\"tel-184\"><input size=\"40\" maxlength=\"400\" class=\"wpcf7-form-control wpcf7-tel wpcf7-validates-as-required wpcf7-text wpcf7-validates-as-tel\" id=\"tel\" autocomplete=\"tel\" aria-required=\"true\" aria-invalid=\"false\" value=\"\" type=\"tel\" name=\"tel-184\" \/><\/span>\n<\/p>\n<p><label for=\"Address\">Cyfeiriad (gofynnol)<span class=\"wpcf7-form-control-wrap\" data-name=\"Address\"><input size=\"40\" maxlength=\"400\" class=\"wpcf7-form-control wpcf7-text wpcf7-validates-as-required\" id=\"Address\" autocomplete=\"street-address\" aria-required=\"true\" aria-invalid=\"false\" value=\"\" type=\"text\" name=\"Address\" \/><\/span><\/label>\n<\/p>\n<p><label for=\"postcode\">Cod Post (gofynnol) <span class=\"wpcf7-form-control-wrap\" data-name=\"postcode\"><input size=\"40\" maxlength=\"400\" class=\"wpcf7-form-control wpcf7-text wpcf7-validates-as-required\" id=\"postcode\" autocomplete=\"postal-code\" aria-required=\"true\" aria-invalid=\"false\" value=\"\" type=\"text\" name=\"postcode\" \/><\/span><\/label>\n<\/p>\n<p><label for=\"dob\">Beth yw eich dyddiad geni? (gofynnol) <span class=\"wpcf7-form-control-wrap\" data-name=\"dob\"><input class=\"wpcf7-form-control wpcf7-date wpcf7-validates-as-required wpcf7-validates-as-date\" id=\"dob\" autocomplete=\"bday\" aria-required=\"true\" aria-invalid=\"false\" value=\"\" type=\"date\" name=\"dob\" \/><\/span><\/label>\n<\/p>\n<p><label for=\"message\">Eich neges<\/label><span class=\"wpcf7-form-control-wrap\" data-name=\"your-message\"><textarea cols=\"40\" rows=\"8\" maxlength=\"2000\" class=\"wpcf7-form-control wpcf7-textarea\" id=\"message\" aria-invalid=\"false\" name=\"your-message\"><\/textarea><\/span>\n<\/p>\n<p>\n\n<\/p>\n<p><input class=\"wpcf7-form-control wpcf7-submit has-spinner\" type=\"submit\" value=\"Anfon\" \/>\n<\/p><div class=\"wpcf7-response-output\" aria-hidden=\"true\"><\/div>\n<\/form>\n<\/div>\n[\/vc_column][vc_column width=&#8221;1\/2&#8243;][vc_column_text]<\/p>\n<h2>Siaradwch \u00e2 ni ar-lein<\/h2>\n<p>Gallwch siarad ag asiant ar-lein drwy ein cyfleuster sgwrsio. Bydd copi o&#8217;r trawsgrifiad yn cael ei anfon at eich cyfeiriad e-bost ar \u00f4l i chi orffen eich sgwrs.<\/p>\n<p><strong>Oriau ar gael:<\/strong><\/p>\n<ul>\n<li>Dydd Llun, Dydd Mawrth a Dydd Gwener: 9am i 5pm<\/li>\n<li>Dydd Mercher: 10am i 6pm<\/li>\n<li>Dydd Iau: 10am i 6pm<\/li>\n<\/ul>\n<p>Nid yw&#8217;r cyfleuster sgwrsio ar gael yn Gymraeg ond bydd asiant sy&#8217;n siarad Cymraeg yn gallu eich cynorthwyo yn Gymraeg.<\/p>\n<p>Oherwydd natur y gwasanaeth hwn, ni allwn sicrhau y bydd ymatebion yn ramadegol gywir. Caiff pob sgwrs ar-lein ei recordio.<\/p>\n<p>Daw\u2019r sgwrs ar-lein i ben yn ddirybudd os byddwch yn defnyddio iaith fygythiol neu sarhaus.[\/vc_column_text][\/vc_column][\/vc_row][vc_row][vc_column width=&#8221;1\/1&#8243;][vc_raw_html]JTNDZGl2JTIwaWQlM0QlMjJnb3ZhcHAlMjIlM0UlMEElM0NhJTIwaHJlZiUzRCUyMmh0dHBzJTNBJTJGJTJGd3d3LmNhcmRpZmYuZ292LnVrJTJGQ1lNJTJGcHJlc3d5bHlkZCUyRmFwcC1jYWVyZHlkZC1nb3YlMkZQYWdlcyUyRmRlZmF1bHQuYXNweCUyMiUyMHRpdGxlJTNEJTIyTGF3cmx3eXRod2NoJTIwaSUyMGdhZWwlMjBmZm9yZGQlMjB3ZWxsJTIwbyUyMGd5c3lsbHR1JTIwJUMzJUEyJTIwZ3dhc2FuYWV0aGF1JUUyJTgwJTk5ciUyMGN5bmdvci4lMjIlMjB0YXJnZXQlM0QlMjJfYmxhbmslMjIlM0UlMEElMEElM0NpbWclMjBzcmMlM0QlMjIlMkZ3cC1jb250ZW50JTJGdXBsb2FkcyUyRmNnb3ZhcHAuanBnJTIyJTIwYWx0JTNEJTIyQ2FyZGlmZiUyMEdvdiUyMGFwcCUyMGxvZ28lMjIlMjAlMjB3aWR0aCUzRCUyMjEwMHB4JTIyJTIwYWxpZ24lM0QlMjJsZWZ0JTIyJTIwY2xhc3MlM0QlMjJhcHBpbWclMjIlM0UlMEElM0NkaXYlMjBpZCUzRCUyMmFwcHRleHQlMjIlM0VMYXdybHd5dGh3Y2glMjBpJTIwZ2FlbCUyMGZmb3JkZCUyMHdlbGwlMjBvJTIwZ3lzeWxsdHUlMjAlQzMlQTIlMjBnd2FzYW5hZXRoYXUlRTIlODAlOTlyJTIwY3luZ29yLiUzQyUyRmRpdiUzRSUwQSUzQ2RpdiUyMGNsYXNzJTNEJTIyY2xlYXIlMjIlM0UlM0MlMkZkaXYlM0UlMEElM0NkaXYlMjBpZCUzRCUyMmFwcGltYWdlcyUyMiUzRSUzQ2ltZyUyMHNyYyUzRCUyMiUyRndwLWNvbnRlbnQlMkZ1cGxvYWRzJTJGQXBwbGVTdG9yZS5qcGclMjIlMjBhbHQlM0QlMjJEb3dubG9hZCUyMGFwcCUyMHZpYSUyMEFwcGxlJTIwc3RvcmUlMjIlMjB3aWR0aCUzRCUyMjEwMHB4JTIyJTNFJTBBJTNDaW1nJTIwc3JjJTNEJTIyJTJGd3AtY29udGVudCUyRnVwbG9hZHMlMkZHb29nbGVQbGF5U3RvcmUuanBnJTIyJTIwYWx0JTNEJTIyRG93bmxvYWQlMjBhcHAlMjB2aWElMjBHb29nbGUlMjBQbGF5JTIwc3RvcmUlMjIlMjB3aWR0aCUzRCUyMjEwMHB4JTIyJTNFJTBBJTNDJTJGZGl2JTNFJTBBJTNDJTJGYSUzRSUwQSUzQyUyRmRpdiUzRQ==[\/vc_raw_html][\/vc_column][\/vc_row]<\/p>\n<\/div>","protected":false},"excerpt":{"rendered":"<p>[vc_row][vc_column width=&#8221;2\/3&#8243;][vc_column_text] Cysylltwch \u00e2 ni ar-lein Mae\u2019r Gwasanaeth i Mewn i Waith yn rhoi cymorth am ddim i unrhyw breswylydd yng Nghaerdydd sy\u2019n chwilio am waith neu sy\u2019n ceisio dysgu sgiliau ychwanegol i\u2019w swydd bresennol. Cysylltwch \u00e2 ni os hoffech wneud ymholiad cyffredinol am ein gwasanaethau neu waith arall. 029 2087 1071 Drwy roi eich manylion cyswllt i ni, cofiwch y bydd aelod o staff y Gwasanaeth i Mewn i Waith yn cysylltu \u00e2 chi. Os byddwch yn newid eich meddwl neu&#8217;n dymuno tynnu\u2019n \u00f4l eich caniat\u00e2d i ni gysylltu \u00e2 chi, anfonwch e-bost atom yn cyngorimewniwaith@caerdydd.gov.uk.[\/vc_column_text][\/vc_column][vc_column animation=&#8221;fade-in&#8221; column_padding=&#8221;custom-padding&#8221; column_custompadding=&#8221;15px 15px 15px 15px&#8221; text_align=&#8221;center&#8221; width=&#8221;1\/3&#8243; delay=&#8221;500&#8243;][\/vc_column][\/vc_row][vc_row][vc_column width=&#8221;1\/2&#8243;][vc_column_text] Anfonwch neges atom [\/vc_column_text][\/vc_column][vc_column width=&#8221;1\/2&#8243;][vc_column_text] Siaradwch \u00e2 ni ar-lein Gallwch siarad ag asiant ar-lein drwy ein cyfleuster sgwrsio. Bydd copi o&#8217;r trawsgrifiad yn cael ei anfon at eich cyfeiriad e-bost ar \u00f4l i chi orffen eich sgwrs. Oriau ar gael: Dydd Llun, Dydd Mawrth a Dydd Gwener: 9am i 5pm Dydd Mercher: 10am i 6pm Dydd Iau: 10am i 6pm Nid yw&#8217;r cyfleuster sgwrsio ar gael yn Gymraeg ond bydd asiant sy&#8217;n siarad Cymraeg yn gallu eich cynorthwyo yn Gymraeg. Oherwydd natur y gwasanaeth hwn, ni allwn sicrhau y bydd ymatebion yn ramadegol [&hellip;]<\/p>\n","protected":false},"author":17,"featured_media":0,"parent":0,"menu_order":0,"comment_status":"closed","ping_status":"closed","template":"","meta":{"footnotes":""},"class_list":["post-472","page","type-page","status-publish","hentry"],"yoast_head":"<!-- This site is optimized with the Yoast SEO plugin v27.3 - https:\/\/yoast.com\/product\/yoast-seo-wordpress\/ -->\n<title>Cysylltwch \u00e2 ni - Into Work<\/title>\n<meta name=\"description\" content=\"Mae\u2019r Gwasanaeth i Mewn i Waith yn rhoi cymorth am ddim i unrhyw breswylydd yng Nghaerdydd sy\u2019n chwilio am waith neu sy\u2019n ceisio dysgu sgiliau ychwanegol i\u2019w swydd bresennol. Cysylltwch \u00e2 ni os hoffech wneud ymholiad cyffredinol am ein gwasanaethau neu waith arall.\" \/>\n<meta name=\"robots\" content=\"index, follow, max-snippet:-1, max-image-preview:large, max-video-preview:-1\" \/>\n<link rel=\"canonical\" href=\"https:\/\/www.intoworkcardiff.co.uk\/cy\/cysylltwch-a-ni\/\" \/>\n<meta property=\"og:locale\" content=\"cy_GB\" \/>\n<meta property=\"og:type\" content=\"article\" \/>\n<meta property=\"og:title\" content=\"Cysylltwch \u00e2 ni - Gwybodaeth Cyswllt a Gwe-sgwrs\" \/>\n<meta property=\"og:description\" content=\"Mae\u2019r Gwasanaeth i Mewn i Waith yn rhoi cymorth am ddim i unrhyw breswylydd yng Nghaerdydd sy\u2019n chwilio am waith neu sy\u2019n ceisio dysgu sgiliau ychwanegol i\u2019w swydd bresennol. Cysylltwch \u00e2 ni os hoffech wneud ymholiad cyffredinol am ein gwasanaethau neu waith arall.\" \/>\n<meta property=\"og:url\" content=\"https:\/\/www.intoworkcardiff.co.uk\/cy\/cysylltwch-a-ni\/\" \/>\n<meta property=\"og:site_name\" content=\"Into Work\" \/>\n<meta property=\"article:publisher\" content=\"https:\/\/facebook.com\/325162907659515\" \/>\n<meta property=\"article:modified_time\" content=\"2024-10-03T09:30:53+00:00\" \/>\n<meta property=\"og:image\" content=\"https:\/\/www.intoworkcardiff.co.uk\/wp-content\/uploads\/WEBCHAT-LOGO.jpg\" \/>\n\t<meta property=\"og:image:width\" content=\"1500\" \/>\n\t<meta property=\"og:image:height\" content=\"1250\" \/>\n\t<meta property=\"og:image:type\" content=\"image\/jpeg\" \/>\n<meta name=\"twitter:card\" content=\"summary_large_image\" \/>\n<meta name=\"twitter:title\" content=\"Cysylltwch \u00e2 ni - Gwybodaeth Cyswllt a Gwe-sgwrs\" \/>\n<meta name=\"twitter:description\" content=\"Mae\u2019r Gwasanaeth i Mewn i Waith yn rhoi cymorth am ddim i unrhyw breswylydd yng Nghaerdydd sy\u2019n chwilio am waith neu sy\u2019n ceisio dysgu sgiliau ychwanegol i\u2019w swydd bresennol. Cysylltwch \u00e2 ni os hoffech wneud ymholiad cyffredinol am ein gwasanaethau neu waith arall.\" \/>\n<meta name=\"twitter:image\" content=\"https:\/\/www.intoworkcardiff.co.uk\/wp-content\/uploads\/WEBCHAT-LOGO.jpg\" \/>\n<meta name=\"twitter:site\" content=\"@IntoWorkCardiff\" \/>\n<meta name=\"twitter:label1\" content=\"Est. reading time\" \/>\n\t<meta name=\"twitter:data1\" content=\"2 minutes\" \/>\n<script type=\"application\/ld+json\" class=\"yoast-schema-graph\">{\"@context\":\"https:\\\/\\\/schema.org\",\"@graph\":[{\"@type\":\"WebPage\",\"@id\":\"https:\\\/\\\/www.intoworkcardiff.co.uk\\\/cy\\\/cysylltwch-a-ni\\\/\",\"url\":\"https:\\\/\\\/www.intoworkcardiff.co.uk\\\/cy\\\/cysylltwch-a-ni\\\/\",\"name\":\"Cysylltwch \u00e2 ni - Into Work\",\"isPartOf\":{\"@id\":\"https:\\\/\\\/www.intoworkcardiff.co.uk\\\/#website\"},\"datePublished\":\"2018-03-28T09:05:16+00:00\",\"dateModified\":\"2024-10-03T09:30:53+00:00\",\"description\":\"Mae\u2019r Gwasanaeth i Mewn i Waith yn rhoi cymorth am ddim i unrhyw breswylydd yng Nghaerdydd sy\u2019n chwilio am waith neu sy\u2019n ceisio dysgu sgiliau ychwanegol i\u2019w swydd bresennol. Cysylltwch \u00e2 ni os hoffech wneud ymholiad cyffredinol am ein gwasanaethau neu waith arall.\",\"breadcrumb\":{\"@id\":\"https:\\\/\\\/www.intoworkcardiff.co.uk\\\/cy\\\/cysylltwch-a-ni\\\/#breadcrumb\"},\"inLanguage\":\"cy-GB\",\"potentialAction\":[{\"@type\":\"ReadAction\",\"target\":[\"https:\\\/\\\/www.intoworkcardiff.co.uk\\\/cy\\\/cysylltwch-a-ni\\\/\"]}]},{\"@type\":\"BreadcrumbList\",\"@id\":\"https:\\\/\\\/www.intoworkcardiff.co.uk\\\/cy\\\/cysylltwch-a-ni\\\/#breadcrumb\",\"itemListElement\":[{\"@type\":\"ListItem\",\"position\":1,\"name\":\"Home\",\"item\":\"https:\\\/\\\/www.intoworkcardiff.co.uk\\\/cy\\\/\"},{\"@type\":\"ListItem\",\"position\":2,\"name\":\"Cysylltwch \u00e2 ni\"}]},{\"@type\":\"WebSite\",\"@id\":\"https:\\\/\\\/www.intoworkcardiff.co.uk\\\/#website\",\"url\":\"https:\\\/\\\/www.intoworkcardiff.co.uk\\\/\",\"name\":\"Cardiff Into Work Service\",\"description\":\"Cardiff Council Into Work advice service\",\"potentialAction\":[{\"@type\":\"SearchAction\",\"target\":{\"@type\":\"EntryPoint\",\"urlTemplate\":\"https:\\\/\\\/www.intoworkcardiff.co.uk\\\/?s={search_term_string}\"},\"query-input\":{\"@type\":\"PropertyValueSpecification\",\"valueRequired\":true,\"valueName\":\"search_term_string\"}}],\"inLanguage\":\"cy-GB\"}]}<\/script>\n<!-- \/ Yoast SEO plugin. -->","yoast_head_json":{"title":"Cysylltwch \u00e2 ni - Into Work","description":"Mae\u2019r Gwasanaeth i Mewn i Waith yn rhoi cymorth am ddim i unrhyw breswylydd yng Nghaerdydd sy\u2019n chwilio am waith neu sy\u2019n ceisio dysgu sgiliau ychwanegol i\u2019w swydd bresennol. Cysylltwch \u00e2 ni os hoffech wneud ymholiad cyffredinol am ein gwasanaethau neu waith arall.","robots":{"index":"index","follow":"follow","max-snippet":"max-snippet:-1","max-image-preview":"max-image-preview:large","max-video-preview":"max-video-preview:-1"},"canonical":"https:\/\/www.intoworkcardiff.co.uk\/cy\/cysylltwch-a-ni\/","og_locale":"cy_GB","og_type":"article","og_title":"Cysylltwch \u00e2 ni - Gwybodaeth Cyswllt a Gwe-sgwrs","og_description":"Mae\u2019r Gwasanaeth i Mewn i Waith yn rhoi cymorth am ddim i unrhyw breswylydd yng Nghaerdydd sy\u2019n chwilio am waith neu sy\u2019n ceisio dysgu sgiliau ychwanegol i\u2019w swydd bresennol. Cysylltwch \u00e2 ni os hoffech wneud ymholiad cyffredinol am ein gwasanaethau neu waith arall.","og_url":"https:\/\/www.intoworkcardiff.co.uk\/cy\/cysylltwch-a-ni\/","og_site_name":"Into Work","article_publisher":"https:\/\/facebook.com\/325162907659515","article_modified_time":"2024-10-03T09:30:53+00:00","og_image":[{"width":1500,"height":1250,"url":"https:\/\/www.intoworkcardiff.co.uk\/wp-content\/uploads\/WEBCHAT-LOGO.jpg","type":"image\/jpeg"}],"twitter_card":"summary_large_image","twitter_title":"Cysylltwch \u00e2 ni - Gwybodaeth Cyswllt a Gwe-sgwrs","twitter_description":"Mae\u2019r Gwasanaeth i Mewn i Waith yn rhoi cymorth am ddim i unrhyw breswylydd yng Nghaerdydd sy\u2019n chwilio am waith neu sy\u2019n ceisio dysgu sgiliau ychwanegol i\u2019w swydd bresennol. Cysylltwch \u00e2 ni os hoffech wneud ymholiad cyffredinol am ein gwasanaethau neu waith arall.","twitter_image":"https:\/\/www.intoworkcardiff.co.uk\/wp-content\/uploads\/WEBCHAT-LOGO.jpg","twitter_site":"@IntoWorkCardiff","twitter_misc":{"Est. reading time":"2 minutes"},"schema":{"@context":"https:\/\/schema.org","@graph":[{"@type":"WebPage","@id":"https:\/\/www.intoworkcardiff.co.uk\/cy\/cysylltwch-a-ni\/","url":"https:\/\/www.intoworkcardiff.co.uk\/cy\/cysylltwch-a-ni\/","name":"Cysylltwch \u00e2 ni - Into Work","isPartOf":{"@id":"https:\/\/www.intoworkcardiff.co.uk\/#website"},"datePublished":"2018-03-28T09:05:16+00:00","dateModified":"2024-10-03T09:30:53+00:00","description":"Mae\u2019r Gwasanaeth i Mewn i Waith yn rhoi cymorth am ddim i unrhyw breswylydd yng Nghaerdydd sy\u2019n chwilio am waith neu sy\u2019n ceisio dysgu sgiliau ychwanegol i\u2019w swydd bresennol. Cysylltwch \u00e2 ni os hoffech wneud ymholiad cyffredinol am ein gwasanaethau neu waith arall.","breadcrumb":{"@id":"https:\/\/www.intoworkcardiff.co.uk\/cy\/cysylltwch-a-ni\/#breadcrumb"},"inLanguage":"cy-GB","potentialAction":[{"@type":"ReadAction","target":["https:\/\/www.intoworkcardiff.co.uk\/cy\/cysylltwch-a-ni\/"]}]},{"@type":"BreadcrumbList","@id":"https:\/\/www.intoworkcardiff.co.uk\/cy\/cysylltwch-a-ni\/#breadcrumb","itemListElement":[{"@type":"ListItem","position":1,"name":"Home","item":"https:\/\/www.intoworkcardiff.co.uk\/cy\/"},{"@type":"ListItem","position":2,"name":"Cysylltwch \u00e2 ni"}]},{"@type":"WebSite","@id":"https:\/\/www.intoworkcardiff.co.uk\/#website","url":"https:\/\/www.intoworkcardiff.co.uk\/","name":"Cardiff Into Work Service","description":"Cardiff Council Into Work advice service","potentialAction":[{"@type":"SearchAction","target":{"@type":"EntryPoint","urlTemplate":"https:\/\/www.intoworkcardiff.co.uk\/?s={search_term_string}"},"query-input":{"@type":"PropertyValueSpecification","valueRequired":true,"valueName":"search_term_string"}}],"inLanguage":"cy-GB"}]}},"_links":{"self":[{"href":"https:\/\/www.intoworkcardiff.co.uk\/cy\/wp-json\/wp\/v2\/pages\/472","targetHints":{"allow":["GET"]}}],"collection":[{"href":"https:\/\/www.intoworkcardiff.co.uk\/cy\/wp-json\/wp\/v2\/pages"}],"about":[{"href":"https:\/\/www.intoworkcardiff.co.uk\/cy\/wp-json\/wp\/v2\/types\/page"}],"author":[{"embeddable":true,"href":"https:\/\/www.intoworkcardiff.co.uk\/cy\/wp-json\/wp\/v2\/users\/17"}],"replies":[{"embeddable":true,"href":"https:\/\/www.intoworkcardiff.co.uk\/cy\/wp-json\/wp\/v2\/comments?post=472"}],"version-history":[{"count":5,"href":"https:\/\/www.intoworkcardiff.co.uk\/cy\/wp-json\/wp\/v2\/pages\/472\/revisions"}],"predecessor-version":[{"id":6605,"href":"https:\/\/www.intoworkcardiff.co.uk\/cy\/wp-json\/wp\/v2\/pages\/472\/revisions\/6605"}],"wp:attachment":[{"href":"https:\/\/www.intoworkcardiff.co.uk\/cy\/wp-json\/wp\/v2\/media?parent=472"}],"curies":[{"name":"wp","href":"https:\/\/api.w.org\/{rel}","templated":true}]}}