{"id":511,"date":"2018-03-29T08:12:04","date_gmt":"2018-03-29T08:12:04","guid":{"rendered":"http:\/\/intowork.cardiffcouncilwebteam.co.uk\/?page_id=511"},"modified":"2024-11-29T11:52:20","modified_gmt":"2024-11-29T11:52:20","slug":"hyfforddiant","status":"publish","type":"page","link":"https:\/\/www.intoworkcardiff.co.uk\/cy\/ceiswyr-gwaith\/hyfforddiant\/","title":{"rendered":"Hyfforddiant"},"content":{"rendered":"<div class=\"wpb-content-wrapper\"><p>[vc_row][vc_column el_class=&#8221;ulcontent&#8221; width=&#8221;2\/3&#8243;][vc_column_text]<\/p>\n<h2>Mynd i weithdy<\/h2>\n<p>Rydym yn cynnig hyfforddiant sgiliau gwaith un diwrnod am ddim gan gynnwys:<\/p>\n<ul>\n<li>Cymorth Cyntaf Brys yn y Gwaith Lefel 3<\/li>\n<li>Cymorth Cyntaf Paediatreg Lefel 3<\/li>\n<li>COSHH (Rheoliadau Rheoli Sylweddau Peryglus i Iechyd) Lefel 2<\/li>\n<li>Diogelwch Bwyd ym Maes Arlwyo Lefel 2<\/li>\n<li>Codi a Chario Lefel 2<\/li>\n<li>Iechyd a Diogelwch Lefel 2<\/li>\n<\/ul>\n<p>[\/vc_column_text][vc_tta_accordion style=&#8221;flat&#8221; shape=&#8221;square&#8221; color=&#8221;peacoc&#8221; c_icon=&#8221;&#8221; active_section=&#8221;12&#8243; css_animation=&#8221;none&#8221; no_fill=&#8221;true&#8221; collapsible_all=&#8221;true&#8221;][vc_tta_section i_icon_fontawesome=&#8221;far fa-edit&#8221; add_icon=&#8221;true&#8221; title=&#8221;Cofrestrwch eich diddordeb&#8230;&#8221; tab_id=&#8221;register&#8221;][vc_column_text]<em>Drwy roi eich manylion cyswllt i ni, cofiwch y bydd aelod o staff y Gwasanaeth i Mewn i Waith yn cysylltu \u00e2 chi. Os byddwch yn newid eich meddwl neu&#8217;n dymuno tynnu\u2019n \u00f4l eich caniat\u00e2d i ni gysylltu \u00e2 chi, anfonwch e-bost atom yn <\/em><a href=\"mailto:intoworkadviceservice@cardiff.gov.uk\"><em>cyngorimewniwaith@caerdydd.gov.uk.<\/em><\/a>[\/vc_column_text]\n<div class=\"wpcf7 no-js\" id=\"wpcf7-f681-o1\" lang=\"en-US\" dir=\"ltr\" data-wpcf7-id=\"681\">\n<div class=\"screen-reader-response\"><p role=\"status\" aria-live=\"polite\" aria-atomic=\"true\"><\/p> <ul><\/ul><\/div>\n<form action=\"\/cy\/wp-json\/wp\/v2\/pages\/511#wpcf7-f681-o1\" method=\"post\" class=\"wpcf7-form init\" aria-label=\"Contact form\" novalidate=\"novalidate\" data-status=\"init\">\n<fieldset class=\"hidden-fields-container\"><input type=\"hidden\" name=\"_wpcf7\" value=\"681\" \/><input type=\"hidden\" name=\"_wpcf7_version\" value=\"6.1.5\" \/><input type=\"hidden\" name=\"_wpcf7_locale\" value=\"en_US\" \/><input type=\"hidden\" name=\"_wpcf7_unit_tag\" value=\"wpcf7-f681-o1\" \/><input type=\"hidden\" name=\"_wpcf7_container_post\" value=\"0\" \/><input type=\"hidden\" name=\"_wpcf7_posted_data_hash\" value=\"\" \/><input type=\"hidden\" name=\"_wpcf7_recaptcha_response\" value=\"\" \/>\n<\/fieldset>\n<p><label for=\"name\">Enw (gofynnol)<\/label><span class=\"wpcf7-form-control-wrap\" data-name=\"your-name\"><input size=\"40\" maxlength=\"400\" class=\"wpcf7-form-control wpcf7-text wpcf7-validates-as-required\" id=\"name\" autocomplete=\"given-name\" aria-required=\"true\" aria-invalid=\"false\" value=\"\" type=\"text\" name=\"your-name\" \/><\/span><br \/>\n<label for=\"e-mail\">Cyfeiriad e-bost (gofynnol)<\/label><span class=\"wpcf7-form-control-wrap\" data-name=\"your-email\"><input size=\"40\" maxlength=\"400\" class=\"wpcf7-form-control wpcf7-email wpcf7-validates-as-required wpcf7-text wpcf7-validates-as-email\" id=\"e-mail\" autocomplete=\"email\" aria-required=\"true\" aria-invalid=\"false\" value=\"\" type=\"email\" name=\"your-email\" \/><\/span><br \/>\n<label for=\"telephone\">Ff\u00f4n (gofynnol)<\/label><span class=\"wpcf7-form-control-wrap\" data-name=\"tel-620\"><input size=\"40\" maxlength=\"400\" class=\"wpcf7-form-control wpcf7-tel wpcf7-validates-as-required wpcf7-text wpcf7-validates-as-tel\" id=\"telephone\" autocomplete=\"tel\" aria-required=\"true\" aria-invalid=\"false\" value=\"\" type=\"tel\" name=\"tel-620\" \/><\/span>\n<\/p>\n<p><label for=\"Address\">Cyfeiriad (gofynnol)<span class=\"wpcf7-form-control-wrap\" data-name=\"Address\"><input size=\"40\" maxlength=\"400\" class=\"wpcf7-form-control wpcf7-text wpcf7-validates-as-required\" id=\"Address\" autocomplete=\"street-address\" aria-required=\"true\" aria-invalid=\"false\" value=\"\" type=\"text\" name=\"Address\" \/><\/span><\/label>\n<\/p>\n<p><label for=\"postcode\">Cod Post (gofynnol) <span class=\"wpcf7-form-control-wrap\" data-name=\"postcode\"><input size=\"40\" maxlength=\"400\" class=\"wpcf7-form-control wpcf7-text wpcf7-validates-as-required\" id=\"postcode\" autocomplete=\"postal-code\" aria-required=\"true\" aria-invalid=\"false\" value=\"\" type=\"text\" name=\"postcode\" \/><\/span><\/label>\n<\/p>\n<p><label for=\"dob\">Beth yw eich dyddiad geni? (gofynnol) <span class=\"wpcf7-form-control-wrap\" data-name=\"dob\"><input class=\"wpcf7-form-control wpcf7-date wpcf7-validates-as-required wpcf7-validates-as-date\" id=\"dob\" autocomplete=\"bday\" aria-required=\"true\" aria-invalid=\"false\" value=\"\" type=\"date\" name=\"dob\" \/><\/span><\/label>\n<\/p>\n<p><label for=\"message\">Pa cyrsiau sydd o ddiddordeb i chi fynychu (yn amodol ar argaeledd)? <span class=\"wpcf7-form-control-wrap\" data-name=\"your-message\"><textarea cols=\"40\" rows=\"6\" maxlength=\"2000\" class=\"wpcf7-form-control wpcf7-textarea\" id=\"message\" aria-invalid=\"false\" name=\"your-message\"><\/textarea><\/span><\/label>\n<\/p>\n<p>\n\n<\/p>\n<p><input class=\"wpcf7-form-control wpcf7-submit has-spinner\" type=\"submit\" value=\"Afon\" \/>\n<\/p><div class=\"wpcf7-response-output\" aria-hidden=\"true\"><\/div>\n<\/form>\n<\/div>\n[\/vc_tta_section][\/vc_tta_accordion][vc_column_text]Gallwn hefyd eich helpu i ddatblygu eich sgiliau a chael cyllid ar gyfer hyfforddiant arbenigol gan gynnwys:<\/p>\n<ul>\n<li>Trwydded ADD (Awdurdod y Diwydiant Diogelwch)<\/li>\n<li>Cerdyn CSCS (Cynllun Ardystio Sgiliau Adeiladu)<\/li>\n<li>Offer Bach<\/li>\n<li>Cynorthwy-ydd Addysgu<\/li>\n<li>COSHH (Rheoliadau Rheoli Sylweddau Peryglus i Iechyd)<\/li>\n<li>Gweithio yn y Maes Gofal<\/li>\n<\/ul>\n<p>Gallai hefyd fod arian ar gael i helpu gyda\u2019r canlynol:<\/p>\n<ul>\n<li>Costau Gofal Plant (ar gyfer cyfweliadau a hyfforddiant)<\/li>\n<li>Costau Teithio (ar gyfer cyfweliadau a hyfforddiant)<\/li>\n<li>Dillad Cyfweliadau<\/li>\n<li>Offer Amddiffynnol Personol<\/li>\n<\/ul>\n<p>[\/vc_column_text][\/vc_column][vc_column width=&#8221;1\/3&#8243;][vc_column_text]<\/p>\n<p style=\"text-align: center; font-size: 25px; color: #1e73be;\"><strong>Hyfforddiant a Digwyddiadau<\/strong><\/p>\n<div class=\"em em-view-container\" id=\"em-view-121703334\" data-view=\"list\">\r\n\t<div class=\"em pixelbones em-list em-events-list\" id=\"em-events-list-121703334\" data-view-id=\"121703334\">\r\n\t<div class=\"custom-event-wrapper\"><a href=\"https:\/\/www.intoworkcardiff.co.uk\/cy\/events\/sesiwn-galw-heibio-i-mewn-i-waith-16-ebrill-dusty-forge\/\"><div class=\"custom-event-img lazyload\" style=\"background:inherit\" data-bg=\"url(https:\/\/www.intoworkcardiff.co.uk\/wp-content\/uploads\/Image-result-for-dusty-forge-cardiff.png)\"><span class=\"custom-date-positioned\"><span class=\"custom-event-day\">16<\/span> Ebrill<\/span><\/div><div class=\"custom-event-title\">Sesiwn Galw Heibio i Mewn i Waith &#8211; 16 Ebrill &#8211; Dusty Forge<\/div><div class=\"custom-event-time\"><b>2:00 pm-5:00 pm<\/b><\/div><\/a><\/div><div class=\"custom-event-wrapper\"><a href=\"https:\/\/www.intoworkcardiff.co.uk\/cy\/events\/sesiwn-galw-heibio-i-mewn-i-waith-17-ebrill-canolfan-gymunedol-trowbridge\/\"><div class=\"custom-event-img lazyload\" style=\"background:inherit\" data-bg=\"url(https:\/\/www.intoworkcardiff.co.uk\/wp-content\/uploads\/Community-Centres-Cardiff-Community-Housing-Association.png)\"><span class=\"custom-date-positioned\"><span class=\"custom-event-day\">17<\/span> Ebrill<\/span><\/div><div class=\"custom-event-title\">Sesiwn Galw Heibio i Mewn i Waith &#8211; 17 Ebrill &#8211; Canolfan Gymunedol Trowbridge<\/div><div class=\"custom-event-time\"><b>9:00 am-12:00 pm<\/b><\/div><\/a><\/div>\t<\/div>\r\n<\/div><br \/>\n[\/vc_column_text][\/vc_column][\/vc_row]<\/p>\n<\/div>","protected":false},"excerpt":{"rendered":"<p>[vc_row][vc_column el_class=&#8221;ulcontent&#8221; width=&#8221;2\/3&#8243;][vc_column_text] Mynd i weithdy Rydym yn cynnig hyfforddiant sgiliau gwaith un diwrnod am ddim gan gynnwys: Cymorth Cyntaf Brys yn y Gwaith Lefel 3 Cymorth Cyntaf Paediatreg Lefel 3 COSHH (Rheoliadau Rheoli Sylweddau Peryglus i Iechyd) Lefel 2 Diogelwch Bwyd ym Maes Arlwyo Lefel 2 Codi a Chario Lefel 2 Iechyd a Diogelwch Lefel 2 [\/vc_column_text][vc_tta_accordion style=&#8221;flat&#8221; shape=&#8221;square&#8221; color=&#8221;peacoc&#8221; c_icon=&#8221;&#8221; active_section=&#8221;12&#8243; css_animation=&#8221;none&#8221; no_fill=&#8221;true&#8221; collapsible_all=&#8221;true&#8221;][vc_tta_section i_icon_fontawesome=&#8221;far fa-edit&#8221; add_icon=&#8221;true&#8221; title=&#8221;Cofrestrwch eich diddordeb&#8230;&#8221; tab_id=&#8221;register&#8221;][vc_column_text]Drwy roi eich manylion cyswllt i ni, cofiwch y bydd aelod o staff y Gwasanaeth i Mewn i Waith yn cysylltu \u00e2 chi. Os byddwch yn newid eich meddwl neu&#8217;n dymuno tynnu\u2019n \u00f4l eich caniat\u00e2d i ni gysylltu \u00e2 chi, anfonwch e-bost atom yn cyngorimewniwaith@caerdydd.gov.uk.[\/vc_column_text][\/vc_tta_section][\/vc_tta_accordion][vc_column_text]Gallwn hefyd eich helpu i ddatblygu eich sgiliau a chael cyllid ar gyfer hyfforddiant arbenigol gan gynnwys: Trwydded ADD (Awdurdod y Diwydiant Diogelwch) Cerdyn CSCS (Cynllun Ardystio Sgiliau Adeiladu) Offer Bach Cynorthwy-ydd Addysgu COSHH (Rheoliadau Rheoli Sylweddau Peryglus i Iechyd) Gweithio yn y Maes Gofal Gallai hefyd fod arian ar gael i helpu gyda\u2019r canlynol: Costau Gofal Plant (ar gyfer cyfweliadau a hyfforddiant) Costau Teithio (ar gyfer cyfweliadau a hyfforddiant) Dillad Cyfweliadau Offer Amddiffynnol Personol [\/vc_column_text][\/vc_column][vc_column width=&#8221;1\/3&#8243;][vc_column_text] Hyfforddiant a Digwyddiadau [\/vc_column_text][\/vc_column][\/vc_row]<\/p>\n","protected":false},"author":17,"featured_media":0,"parent":504,"menu_order":0,"comment_status":"closed","ping_status":"closed","template":"","meta":{"footnotes":""},"class_list":["post-511","page","type-page","status-publish","hentry"],"yoast_head":"<!-- This site is optimized with the Yoast SEO plugin v27.3 - https:\/\/yoast.com\/product\/yoast-seo-wordpress\/ -->\n<title>Hyfforddiant - Into Work<\/title>\n<meta name=\"robots\" content=\"index, follow, max-snippet:-1, max-image-preview:large, max-video-preview:-1\" \/>\n<link rel=\"canonical\" href=\"https:\/\/www.intoworkcardiff.co.uk\/cy\/ceiswyr-gwaith\/hyfforddiant\/\" \/>\n<meta property=\"og:locale\" content=\"cy_GB\" \/>\n<meta property=\"og:type\" content=\"article\" \/>\n<meta property=\"og:title\" content=\"Hyfforddiant - Into Work\" \/>\n<meta property=\"og:description\" content=\"[vc_row][vc_column el_class=&#8221;ulcontent&#8221; width=&#8221;2\/3&#8243;][vc_column_text] Mynd i weithdy Rydym yn cynnig hyfforddiant sgiliau gwaith un diwrnod am ddim gan gynnwys: Cymorth Cyntaf Brys yn y Gwaith Lefel 3 Cymorth Cyntaf Paediatreg Lefel 3 COSHH (Rheoliadau Rheoli Sylweddau Peryglus i Iechyd) Lefel 2 Diogelwch Bwyd ym Maes Arlwyo Lefel 2 Codi a Chario Lefel 2 Iechyd a Diogelwch Lefel 2 [\/vc_column_text][vc_tta_accordion style=&#8221;flat&#8221; shape=&#8221;square&#8221; color=&#8221;peacoc&#8221; c_icon=&#8221;&#8221; active_section=&#8221;12&#8243; css_animation=&#8221;none&#8221; no_fill=&#8221;true&#8221; collapsible_all=&#8221;true&#8221;][vc_tta_section i_icon_fontawesome=&#8221;far fa-edit&#8221; add_icon=&#8221;true&#8221; title=&#8221;Cofrestrwch eich diddordeb&#8230;&#8221; tab_id=&#8221;register&#8221;][vc_column_text]Drwy roi eich manylion cyswllt i ni, cofiwch y bydd aelod o staff y Gwasanaeth i Mewn i Waith yn cysylltu \u00e2 chi. Os byddwch yn newid eich meddwl neu&#8217;n dymuno tynnu\u2019n \u00f4l eich caniat\u00e2d i ni gysylltu \u00e2 chi, anfonwch e-bost atom yn cyngorimewniwaith@caerdydd.gov.uk.[\/vc_column_text][\/vc_tta_section][\/vc_tta_accordion][vc_column_text]Gallwn hefyd eich helpu i ddatblygu eich sgiliau a chael cyllid ar gyfer hyfforddiant arbenigol gan gynnwys: Trwydded ADD (Awdurdod y Diwydiant Diogelwch) Cerdyn CSCS (Cynllun Ardystio Sgiliau Adeiladu) Offer Bach Cynorthwy-ydd Addysgu COSHH (Rheoliadau Rheoli Sylweddau Peryglus i Iechyd) Gweithio yn y Maes Gofal Gallai hefyd fod arian ar gael i helpu gyda\u2019r canlynol: Costau Gofal Plant (ar gyfer cyfweliadau a hyfforddiant) Costau Teithio (ar gyfer cyfweliadau a hyfforddiant) Dillad Cyfweliadau Offer Amddiffynnol Personol [\/vc_column_text][\/vc_column][vc_column width=&#8221;1\/3&#8243;][vc_column_text] Hyfforddiant a Digwyddiadau [\/vc_column_text][\/vc_column][\/vc_row]\" \/>\n<meta property=\"og:url\" content=\"https:\/\/www.intoworkcardiff.co.uk\/cy\/ceiswyr-gwaith\/hyfforddiant\/\" \/>\n<meta property=\"og:site_name\" content=\"Into Work\" \/>\n<meta property=\"article:publisher\" content=\"https:\/\/facebook.com\/325162907659515\" \/>\n<meta property=\"article:modified_time\" content=\"2024-11-29T11:52:20+00:00\" \/>\n<meta name=\"twitter:card\" content=\"summary_large_image\" \/>\n<meta name=\"twitter:site\" content=\"@IntoWorkCardiff\" \/>\n<meta name=\"twitter:label1\" content=\"Est. reading time\" \/>\n\t<meta name=\"twitter:data1\" content=\"1 minute\" \/>\n<script type=\"application\/ld+json\" class=\"yoast-schema-graph\">{\"@context\":\"https:\\\/\\\/schema.org\",\"@graph\":[{\"@type\":\"WebPage\",\"@id\":\"https:\\\/\\\/www.intoworkcardiff.co.uk\\\/cy\\\/ceiswyr-gwaith\\\/hyfforddiant\\\/\",\"url\":\"https:\\\/\\\/www.intoworkcardiff.co.uk\\\/cy\\\/ceiswyr-gwaith\\\/hyfforddiant\\\/\",\"name\":\"Hyfforddiant - Into Work\",\"isPartOf\":{\"@id\":\"https:\\\/\\\/www.intoworkcardiff.co.uk\\\/#website\"},\"datePublished\":\"2018-03-29T08:12:04+00:00\",\"dateModified\":\"2024-11-29T11:52:20+00:00\",\"breadcrumb\":{\"@id\":\"https:\\\/\\\/www.intoworkcardiff.co.uk\\\/cy\\\/ceiswyr-gwaith\\\/hyfforddiant\\\/#breadcrumb\"},\"inLanguage\":\"cy-GB\",\"potentialAction\":[{\"@type\":\"ReadAction\",\"target\":[\"https:\\\/\\\/www.intoworkcardiff.co.uk\\\/cy\\\/ceiswyr-gwaith\\\/hyfforddiant\\\/\"]}]},{\"@type\":\"BreadcrumbList\",\"@id\":\"https:\\\/\\\/www.intoworkcardiff.co.uk\\\/cy\\\/ceiswyr-gwaith\\\/hyfforddiant\\\/#breadcrumb\",\"itemListElement\":[{\"@type\":\"ListItem\",\"position\":1,\"name\":\"Home\",\"item\":\"https:\\\/\\\/www.intoworkcardiff.co.uk\\\/cy\\\/\"},{\"@type\":\"ListItem\",\"position\":2,\"name\":\"Ceiswyr Gwaith\",\"item\":\"https:\\\/\\\/www.intoworkcardiff.co.uk\\\/cy\\\/ceiswyr-gwaith\\\/\"},{\"@type\":\"ListItem\",\"position\":3,\"name\":\"Hyfforddiant\"}]},{\"@type\":\"WebSite\",\"@id\":\"https:\\\/\\\/www.intoworkcardiff.co.uk\\\/#website\",\"url\":\"https:\\\/\\\/www.intoworkcardiff.co.uk\\\/\",\"name\":\"Cardiff Into Work Service\",\"description\":\"Cardiff Council Into Work advice service\",\"potentialAction\":[{\"@type\":\"SearchAction\",\"target\":{\"@type\":\"EntryPoint\",\"urlTemplate\":\"https:\\\/\\\/www.intoworkcardiff.co.uk\\\/?s={search_term_string}\"},\"query-input\":{\"@type\":\"PropertyValueSpecification\",\"valueRequired\":true,\"valueName\":\"search_term_string\"}}],\"inLanguage\":\"cy-GB\"}]}<\/script>\n<!-- \/ Yoast SEO plugin. -->","yoast_head_json":{"title":"Hyfforddiant - Into Work","robots":{"index":"index","follow":"follow","max-snippet":"max-snippet:-1","max-image-preview":"max-image-preview:large","max-video-preview":"max-video-preview:-1"},"canonical":"https:\/\/www.intoworkcardiff.co.uk\/cy\/ceiswyr-gwaith\/hyfforddiant\/","og_locale":"cy_GB","og_type":"article","og_title":"Hyfforddiant - Into Work","og_description":"[vc_row][vc_column el_class=&#8221;ulcontent&#8221; width=&#8221;2\/3&#8243;][vc_column_text] Mynd i weithdy Rydym yn cynnig hyfforddiant sgiliau gwaith un diwrnod am ddim gan gynnwys: Cymorth Cyntaf Brys yn y Gwaith Lefel 3 Cymorth Cyntaf Paediatreg Lefel 3 COSHH (Rheoliadau Rheoli Sylweddau Peryglus i Iechyd) Lefel 2 Diogelwch Bwyd ym Maes Arlwyo Lefel 2 Codi a Chario Lefel 2 Iechyd a Diogelwch Lefel 2 [\/vc_column_text][vc_tta_accordion style=&#8221;flat&#8221; shape=&#8221;square&#8221; color=&#8221;peacoc&#8221; c_icon=&#8221;&#8221; active_section=&#8221;12&#8243; css_animation=&#8221;none&#8221; no_fill=&#8221;true&#8221; collapsible_all=&#8221;true&#8221;][vc_tta_section i_icon_fontawesome=&#8221;far fa-edit&#8221; add_icon=&#8221;true&#8221; title=&#8221;Cofrestrwch eich diddordeb&#8230;&#8221; tab_id=&#8221;register&#8221;][vc_column_text]Drwy roi eich manylion cyswllt i ni, cofiwch y bydd aelod o staff y Gwasanaeth i Mewn i Waith yn cysylltu \u00e2 chi. Os byddwch yn newid eich meddwl neu&#8217;n dymuno tynnu\u2019n \u00f4l eich caniat\u00e2d i ni gysylltu \u00e2 chi, anfonwch e-bost atom yn cyngorimewniwaith@caerdydd.gov.uk.[\/vc_column_text][\/vc_tta_section][\/vc_tta_accordion][vc_column_text]Gallwn hefyd eich helpu i ddatblygu eich sgiliau a chael cyllid ar gyfer hyfforddiant arbenigol gan gynnwys: Trwydded ADD (Awdurdod y Diwydiant Diogelwch) Cerdyn CSCS (Cynllun Ardystio Sgiliau Adeiladu) Offer Bach Cynorthwy-ydd Addysgu COSHH (Rheoliadau Rheoli Sylweddau Peryglus i Iechyd) Gweithio yn y Maes Gofal Gallai hefyd fod arian ar gael i helpu gyda\u2019r canlynol: Costau Gofal Plant (ar gyfer cyfweliadau a hyfforddiant) Costau Teithio (ar gyfer cyfweliadau a hyfforddiant) Dillad Cyfweliadau Offer Amddiffynnol Personol [\/vc_column_text][\/vc_column][vc_column width=&#8221;1\/3&#8243;][vc_column_text] Hyfforddiant a Digwyddiadau [\/vc_column_text][\/vc_column][\/vc_row]","og_url":"https:\/\/www.intoworkcardiff.co.uk\/cy\/ceiswyr-gwaith\/hyfforddiant\/","og_site_name":"Into Work","article_publisher":"https:\/\/facebook.com\/325162907659515","article_modified_time":"2024-11-29T11:52:20+00:00","twitter_card":"summary_large_image","twitter_site":"@IntoWorkCardiff","twitter_misc":{"Est. reading time":"1 minute"},"schema":{"@context":"https:\/\/schema.org","@graph":[{"@type":"WebPage","@id":"https:\/\/www.intoworkcardiff.co.uk\/cy\/ceiswyr-gwaith\/hyfforddiant\/","url":"https:\/\/www.intoworkcardiff.co.uk\/cy\/ceiswyr-gwaith\/hyfforddiant\/","name":"Hyfforddiant - Into Work","isPartOf":{"@id":"https:\/\/www.intoworkcardiff.co.uk\/#website"},"datePublished":"2018-03-29T08:12:04+00:00","dateModified":"2024-11-29T11:52:20+00:00","breadcrumb":{"@id":"https:\/\/www.intoworkcardiff.co.uk\/cy\/ceiswyr-gwaith\/hyfforddiant\/#breadcrumb"},"inLanguage":"cy-GB","potentialAction":[{"@type":"ReadAction","target":["https:\/\/www.intoworkcardiff.co.uk\/cy\/ceiswyr-gwaith\/hyfforddiant\/"]}]},{"@type":"BreadcrumbList","@id":"https:\/\/www.intoworkcardiff.co.uk\/cy\/ceiswyr-gwaith\/hyfforddiant\/#breadcrumb","itemListElement":[{"@type":"ListItem","position":1,"name":"Home","item":"https:\/\/www.intoworkcardiff.co.uk\/cy\/"},{"@type":"ListItem","position":2,"name":"Ceiswyr Gwaith","item":"https:\/\/www.intoworkcardiff.co.uk\/cy\/ceiswyr-gwaith\/"},{"@type":"ListItem","position":3,"name":"Hyfforddiant"}]},{"@type":"WebSite","@id":"https:\/\/www.intoworkcardiff.co.uk\/#website","url":"https:\/\/www.intoworkcardiff.co.uk\/","name":"Cardiff Into Work Service","description":"Cardiff Council Into Work advice service","potentialAction":[{"@type":"SearchAction","target":{"@type":"EntryPoint","urlTemplate":"https:\/\/www.intoworkcardiff.co.uk\/?s={search_term_string}"},"query-input":{"@type":"PropertyValueSpecification","valueRequired":true,"valueName":"search_term_string"}}],"inLanguage":"cy-GB"}]}},"_links":{"self":[{"href":"https:\/\/www.intoworkcardiff.co.uk\/cy\/wp-json\/wp\/v2\/pages\/511","targetHints":{"allow":["GET"]}}],"collection":[{"href":"https:\/\/www.intoworkcardiff.co.uk\/cy\/wp-json\/wp\/v2\/pages"}],"about":[{"href":"https:\/\/www.intoworkcardiff.co.uk\/cy\/wp-json\/wp\/v2\/types\/page"}],"author":[{"embeddable":true,"href":"https:\/\/www.intoworkcardiff.co.uk\/cy\/wp-json\/wp\/v2\/users\/17"}],"replies":[{"embeddable":true,"href":"https:\/\/www.intoworkcardiff.co.uk\/cy\/wp-json\/wp\/v2\/comments?post=511"}],"version-history":[{"count":5,"href":"https:\/\/www.intoworkcardiff.co.uk\/cy\/wp-json\/wp\/v2\/pages\/511\/revisions"}],"predecessor-version":[{"id":6837,"href":"https:\/\/www.intoworkcardiff.co.uk\/cy\/wp-json\/wp\/v2\/pages\/511\/revisions\/6837"}],"up":[{"embeddable":true,"href":"https:\/\/www.intoworkcardiff.co.uk\/cy\/wp-json\/wp\/v2\/pages\/504"}],"wp:attachment":[{"href":"https:\/\/www.intoworkcardiff.co.uk\/cy\/wp-json\/wp\/v2\/media?parent=511"}],"curies":[{"name":"wp","href":"https:\/\/api.w.org\/{rel}","templated":true}]}}